{"id":236,"date":"2026-03-05T21:37:32","date_gmt":"2026-03-05T21:37:32","guid":{"rendered":"https:\/\/fcadvisory.cl\/?page_id=236"},"modified":"2026-04-05T14:17:47","modified_gmt":"2026-04-05T14:17:47","slug":"acompanamiento-al-directorio","status":"publish","type":"page","link":"https:\/\/fcadvisory.cl\/index.php\/acompanamiento-al-directorio\/","title":{"rendered":"Acompa\u00f1amiento al Directorio"},"content":{"rendered":"\t\t<div data-elementor-type=\"wp-page\" data-elementor-id=\"236\" class=\"elementor elementor-236\" data-elementor-post-type=\"page\">\n\t\t\t\t<div class=\"elementor-element elementor-element-986c1a2 e-flex e-con-boxed e-con e-parent\" data-id=\"986c1a2\" data-element_type=\"container\" data-e-type=\"container\">\n\t\t\t\t\t<div class=\"e-con-inner\">\n\t\t<div class=\"elementor-element elementor-element-c41aac8 e-con-full e-flex e-con e-child\" data-id=\"c41aac8\" data-element_type=\"container\" data-e-type=\"container\">\n\t\t<div class=\"elementor-element elementor-element-f2fe945 e-con-full e-flex e-con e-child\" data-id=\"f2fe945\" data-element_type=\"container\" data-e-type=\"container\">\n\t\t<div class=\"elementor-element elementor-element-c40beea e-con-full e-flex elementor-invisible e-con e-child\" data-id=\"c40beea\" data-element_type=\"container\" data-e-type=\"container\" data-settings=\"{&quot;animation&quot;:&quot;fadeInLeft&quot;}\">\n\t\t\t\t<div class=\"elementor-element elementor-element-58cd011 elementor-widget elementor-widget-elementskit-heading\" data-id=\"58cd011\" data-element_type=\"widget\" data-e-type=\"widget\" data-widget_type=\"elementskit-heading.default\">\n\t\t\t\t\t<div class=\"ekit-wid-con\" ><div class=\"ekit-heading elementskit-section-title-wraper text_left   ekit_heading_tablet-   ekit_heading_mobile-\"><h3 class=\"elementskit-section-subtitle  \">\n\t\t\t\t\t\tACOMPA\u00d1AMIENTO\n\t\t\t\t\t<\/h3><h2 class=\"ekit-heading--title elementskit-section-title \">ACOMPA\u00d1AMIENTO AL DIRECTORIO<\/h2><div class=\"ekit_heading_separetor_wraper ekit_heading_elementskit-border-divider elementskit-style-long\"><div class=\"elementskit-border-divider elementskit-style-long\"><\/div><\/div>\t\t\t\t<div class='ekit-heading__description'>\n\t\t\t\t\t<p>Asesor\u00eda estrat\u00e9gica al directorio y comit\u00e9s en supervisi\u00f3n de riesgos cr\u00edticos y cumplimiento normativo.<\/p>\n\t\t\t\t<\/div>\n\t\t\t<\/div><\/div>\t\t\t\t<\/div>\n\t\t<div class=\"elementor-element elementor-element-aa89fc2 e-con-full e-flex e-con e-child\" data-id=\"aa89fc2\" data-element_type=\"container\" data-e-type=\"container\" data-settings=\"{&quot;background_background&quot;:&quot;classic&quot;}\">\n\t\t\t\t<div class=\"elementor-element elementor-element-1fc5ac9 elementor-widget elementor-widget-text-editor\" data-id=\"1fc5ac9\" data-element_type=\"widget\" data-e-type=\"widget\" data-widget_type=\"text-editor.default\">\n\t\t\t\t\t\t\t\t\t<p>Nuestro enfoque contempla:<\/p><ul><li>Evaluaci\u00f3n de riesgos emergentes<\/li><li>An\u00e1lisis independiente de casos sensibles<\/li><li>Revisi\u00f3n de efectividad de modelos preventivos<\/li><li>Apoyo en decisiones frente a contingencias regulatorias<\/li><\/ul>\t\t\t\t\t\t\t\t<\/div>\n\t\t\t\t<div class=\"elementor-element elementor-element-4e6036c elementor-widget elementor-widget-text-editor\" data-id=\"4e6036c\" data-element_type=\"widget\" data-e-type=\"widget\" data-widget_type=\"text-editor.default\">\n\t\t\t\t\t\t\t\t\t<p>Fortalece la capacidad de supervisi\u00f3n y la toma de decisiones informada.<\/p>\t\t\t\t\t\t\t\t<\/div>\n\t\t\t\t<div class=\"elementor-element elementor-element-1ca151d elementor-widget elementor-widget-spacer\" data-id=\"1ca151d\" data-element_type=\"widget\" data-e-type=\"widget\" data-widget_type=\"spacer.default\">\n\t\t\t\t\t\t\t<div class=\"elementor-spacer\">\n\t\t\t<div class=\"elementor-spacer-inner\"><\/div>\n\t\t<\/div>\n\t\t\t\t\t\t<\/div>\n\t\t\t\t<\/div>\n\t\t\t\t<div class=\"elementor-element elementor-element-20ea71d elementor-align-left elementor-widget__width-auto elementor-widget elementor-widget-elementskit-button\" data-id=\"20ea71d\" data-element_type=\"widget\" data-e-type=\"widget\" data-widget_type=\"elementskit-button.default\">\n\t\t\t\t\t<div class=\"ekit-wid-con\" >\t\t<div class=\"ekit-btn-wraper\">\n\t\t\t\t\t\t\t<a href=\"#\" class=\"elementskit-btn  whitespace--normal\" id=\"\">\n\t\t\t\t\tsolicitar asesor\u00eda          <svg class=\"e-font-icon-svg e-fas-arrow-circle-right\" viewBox=\"0 0 512 512\" xmlns=\"http:\/\/www.w3.org\/2000\/svg\"><path d=\"M256 8c137 0 248 111 248 248S393 504 256 504 8 393 8 256 119 8 256 8zm-28.9 143.6l75.5 72.4H120c-13.3 0-24 10.7-24 24v16c0 13.3 10.7 24 24 24h182.6l-75.5 72.4c-9.7 9.3-9.9 24.8-.4 34.3l11 10.9c9.4 9.4 24.6 9.4 33.9 0L404.3 273c9.4-9.4 9.4-24.6 0-33.9L271.6 106.3c-9.4-9.4-24.6-9.4-33.9 0l-11 10.9c-9.5 9.6-9.3 25.1.4 34.4z\"><\/path><\/svg>\t\t\t\t<\/a>\n\t\t\t\t\t<\/div>\n        <\/div>\t\t\t\t<\/div>\n\t\t\t\t<\/div>\n\t\t\t\t<\/div>\n\t\t<div class=\"elementor-element elementor-element-a3399e3 e-con-full e-flex e-con e-child\" data-id=\"a3399e3\" data-element_type=\"container\" data-e-type=\"container\" data-settings=\"{&quot;background_background&quot;:&quot;classic&quot;}\">\n\t\t\t\t<\/div>\n\t\t\t\t<\/div>\n\t\t\t\t\t<\/div>\n\t\t\t\t<\/div>\n\t\t\t\t<\/div>\n\t\t","protected":false},"excerpt":{"rendered":"<p>ACOMPA\u00d1AMIENTO ACOMPA\u00d1AMIENTO AL DIRECTORIO Asesor\u00eda estrat\u00e9gica al directorio y comit\u00e9s en supervisi\u00f3n de riesgos cr\u00edticos y cumplimiento normativo. Nuestro enfoque contempla: Evaluaci\u00f3n de riesgos emergentes An\u00e1lisis independiente de casos sensibles Revisi\u00f3n de efectividad de modelos preventivos Apoyo en decisiones frente a contingencias regulatorias Fortalece la capacidad de supervisi\u00f3n y la toma de decisiones informada. solicitar [&hellip;]<\/p>\n","protected":false},"author":1,"featured_media":0,"parent":0,"menu_order":0,"comment_status":"closed","ping_status":"closed","template":"","meta":{"_joinchat":[],"footnotes":""},"class_list":["post-236","page","type-page","status-publish","hentry"],"_links":{"self":[{"href":"https:\/\/fcadvisory.cl\/index.php\/wp-json\/wp\/v2\/pages\/236","targetHints":{"allow":["GET"]}}],"collection":[{"href":"https:\/\/fcadvisory.cl\/index.php\/wp-json\/wp\/v2\/pages"}],"about":[{"href":"https:\/\/fcadvisory.cl\/index.php\/wp-json\/wp\/v2\/types\/page"}],"author":[{"embeddable":true,"href":"https:\/\/fcadvisory.cl\/index.php\/wp-json\/wp\/v2\/users\/1"}],"replies":[{"embeddable":true,"href":"https:\/\/fcadvisory.cl\/index.php\/wp-json\/wp\/v2\/comments?post=236"}],"version-history":[{"count":4,"href":"https:\/\/fcadvisory.cl\/index.php\/wp-json\/wp\/v2\/pages\/236\/revisions"}],"predecessor-version":[{"id":1160,"href":"https:\/\/fcadvisory.cl\/index.php\/wp-json\/wp\/v2\/pages\/236\/revisions\/1160"}],"wp:attachment":[{"href":"https:\/\/fcadvisory.cl\/index.php\/wp-json\/wp\/v2\/media?parent=236"}],"curies":[{"name":"wp","href":"https:\/\/api.w.org\/{rel}","templated":true}]}}