{"id":205,"date":"2026-03-05T21:23:33","date_gmt":"2026-03-05T21:23:33","guid":{"rendered":"https:\/\/fcadvisory.cl\/?page_id=205"},"modified":"2026-04-28T00:40:30","modified_gmt":"2026-04-28T00:40:30","slug":"riesgo-y-cumplimiento","status":"publish","type":"page","link":"https:\/\/fcadvisory.cl\/index.php\/riesgo-y-cumplimiento\/","title":{"rendered":"Riesgo y Cumplimiento"},"content":{"rendered":"\t\t<div data-elementor-type=\"wp-page\" data-elementor-id=\"205\" class=\"elementor elementor-205\" data-elementor-post-type=\"page\">\n\t\t\t\t<div class=\"elementor-element elementor-element-7cddaa5 e-con-full e-flex e-con e-parent\" data-id=\"7cddaa5\" data-element_type=\"container\" data-e-type=\"container\">\n\t\t<div class=\"elementor-element elementor-element-2848323 e-con-full e-flex e-con e-child\" data-id=\"2848323\" data-element_type=\"container\" data-e-type=\"container\">\n\t\t<div class=\"elementor-element elementor-element-afab584 e-con-full e-flex e-con e-child\" data-id=\"afab584\" data-element_type=\"container\" data-e-type=\"container\" data-settings=\"{&quot;background_background&quot;:&quot;classic&quot;,&quot;background_motion_fx_motion_fx_scrolling&quot;:&quot;yes&quot;,&quot;background_motion_fx_translateY_effect&quot;:&quot;yes&quot;,&quot;background_motion_fx_translateY_speed&quot;:{&quot;unit&quot;:&quot;px&quot;,&quot;size&quot;:0,&quot;sizes&quot;:[]},&quot;background_motion_fx_translateY_affectedRange&quot;:{&quot;unit&quot;:&quot;%&quot;,&quot;size&quot;:&quot;&quot;,&quot;sizes&quot;:{&quot;start&quot;:39,&quot;end&quot;:100}},&quot;background_motion_fx_devices&quot;:[&quot;desktop&quot;,&quot;tablet&quot;,&quot;mobile&quot;]}\">\n\t\t\t\t<div class=\"elementor-element elementor-element-029db0c elementor-widget__width-initial elementor-widget-tablet__width-inherit elementor-widget elementor-widget-elementskit-heading\" data-id=\"029db0c\" data-element_type=\"widget\" data-e-type=\"widget\" data-widget_type=\"elementskit-heading.default\">\n\t\t\t\t\t<div class=\"ekit-wid-con\" ><div class=\"ekit-heading elementskit-section-title-wraper text_left   ekit_heading_tablet-   ekit_heading_mobile-\"><h3 class=\"elementskit-section-subtitle  \">\n\t\t\t\t\t\tForensic &amp; Compliance Advisory\n\t\t\t\t\t<\/h3><div class=\"ekit_heading_separetor_wraper ekit_heading_elementskit-border-divider elementskit-style-long\"><div class=\"elementskit-border-divider elementskit-style-long\"><\/div><\/div><h2 class=\"ekit-heading--title elementskit-section-title \">RIESGO Y CUMPLIMIENTO<\/h2>\t\t\t\t<div class='ekit-heading__description'>\n\t\t\t\t\t<p>Nuestra propuesta integra servicios especializados dise\u00f1ados para robustecer el gobierno corporativo, asegurando una estructura de toma de decisiones transparente y alineada con los objetivos estrat\u00e9gicos de la organizaci\u00f3n.<\/p>\n<p>A trav\u00e9s de un enfoque proactivo en la gesti\u00f3n de riesgos, identificamos y mitigamos vulnerabilidades potenciales que podr\u00edan comprometer la continuidad operativa.<\/p>\n<p>Todo esto se complementa con un riguroso marco de cumplimiento regulatorio, garantizando que la empresa no solo se adhiera a la normativa vigente, sino que adopte las mejores pr\u00e1cticas internacionales para generar confianza ante inversores, reguladores y el mercado en general.<\/p>\n\t\t\t\t<\/div>\n\t\t\t<\/div><\/div>\t\t\t\t<\/div>\n\t\t<div class=\"elementor-element elementor-element-5aa46de e-con-full e-flex e-con e-child\" data-id=\"5aa46de\" data-element_type=\"container\" data-e-type=\"container\">\n\t\t\t\t<div class=\"elementor-element elementor-element-2cc1baa elementor-align-left elementor-widget__width-auto elementor-widget elementor-widget-elementskit-button\" data-id=\"2cc1baa\" data-element_type=\"widget\" data-e-type=\"widget\" data-widget_type=\"elementskit-button.default\">\n\t\t\t\t\t<div class=\"ekit-wid-con\" >\t\t<div class=\"ekit-btn-wraper\">\n\t\t\t\t\t\t\t<a href=\"https:\/\/fcadvisory.cl\/index.php\/contacto\/\" class=\"elementskit-btn  whitespace--normal\" id=\"\">\n\t\t\t\t\tSOLICITAR ASESOR\u00cdA\t\t\t\t<\/a>\n\t\t\t\t\t<\/div>\n        <\/div>\t\t\t\t<\/div>\n\t\t\t\t<div class=\"elementor-element elementor-element-c32e722 elementor-align-left elementor-widget__width-auto elementor-widget elementor-widget-elementskit-button\" data-id=\"c32e722\" data-element_type=\"widget\" data-e-type=\"widget\" data-widget_type=\"elementskit-button.default\">\n\t\t\t\t\t<div class=\"ekit-wid-con\" >\t\t<div class=\"ekit-btn-wraper\">\n\t\t\t\t\t\t\t<a href=\"https:\/\/fcadvisory.cl\/index.php\/quienes-somos\/\" class=\"elementskit-btn  whitespace--normal\" id=\"\">\n\t\t\t\t\tSOBRE NOSOTROS\t\t\t\t<\/a>\n\t\t\t\t\t<\/div>\n        <\/div>\t\t\t\t<\/div>\n\t\t\t\t<\/div>\n\t\t\t\t<\/div>\n\t\t\t\t<\/div>\n\t\t\t\t<\/div>\n\t\t\t\t<\/div>\n\t\t","protected":false},"excerpt":{"rendered":"<p>Forensic &amp; Compliance Advisory RIESGO Y CUMPLIMIENTO Nuestra propuesta integra servicios especializados dise\u00f1ados para robustecer el gobierno corporativo, asegurando una estructura de toma de decisiones transparente y alineada con los objetivos estrat\u00e9gicos de la organizaci\u00f3n. A trav\u00e9s de un enfoque proactivo en la gesti\u00f3n de riesgos, identificamos y mitigamos vulnerabilidades potenciales que podr\u00edan comprometer la [&hellip;]<\/p>\n","protected":false},"author":1,"featured_media":0,"parent":0,"menu_order":0,"comment_status":"closed","ping_status":"closed","template":"","meta":{"_joinchat":[],"footnotes":""},"class_list":["post-205","page","type-page","status-publish","hentry"],"_links":{"self":[{"href":"https:\/\/fcadvisory.cl\/index.php\/wp-json\/wp\/v2\/pages\/205","targetHints":{"allow":["GET"]}}],"collection":[{"href":"https:\/\/fcadvisory.cl\/index.php\/wp-json\/wp\/v2\/pages"}],"about":[{"href":"https:\/\/fcadvisory.cl\/index.php\/wp-json\/wp\/v2\/types\/page"}],"author":[{"embeddable":true,"href":"https:\/\/fcadvisory.cl\/index.php\/wp-json\/wp\/v2\/users\/1"}],"replies":[{"embeddable":true,"href":"https:\/\/fcadvisory.cl\/index.php\/wp-json\/wp\/v2\/comments?post=205"}],"version-history":[{"count":10,"href":"https:\/\/fcadvisory.cl\/index.php\/wp-json\/wp\/v2\/pages\/205\/revisions"}],"predecessor-version":[{"id":1457,"href":"https:\/\/fcadvisory.cl\/index.php\/wp-json\/wp\/v2\/pages\/205\/revisions\/1457"}],"wp:attachment":[{"href":"https:\/\/fcadvisory.cl\/index.php\/wp-json\/wp\/v2\/media?parent=205"}],"curies":[{"name":"wp","href":"https:\/\/api.w.org\/{rel}","templated":true}]}}